{"id":25,"date":"2024-03-23T12:28:54","date_gmt":"2024-03-23T12:28:54","guid":{"rendered":"https:\/\/gwrnano.hu\/?page_id=25"},"modified":"2024-04-12T14:19:08","modified_gmt":"2024-04-12T14:19:08","slug":"areas-of-application","status":"publish","type":"page","link":"https:\/\/gwrnano.hu\/index.php\/areas-of-application\/","title":{"rendered":"AREAS OF APPLICATION"},"content":{"rendered":"<p>[et_pb_section fb_built=&#8221;1&#8243; _builder_version=&#8221;4.24.2&#8243; _module_preset=&#8221;default&#8221; use_background_color_gradient=&#8221;on&#8221; background_color_gradient_direction=&#8221;90deg&#8221; background_color_gradient_stops=&#8221;#149fda 0%|#0b2349 100%&#8221; custom_padding=&#8221;||30px|||&#8221; global_colors_info=&#8221;{}&#8221;][et_pb_row _builder_version=&#8221;4.24.2&#8243; _module_preset=&#8221;default&#8221; background_color=&#8221;#e7e7e6&#8243; width=&#8221;75%&#8221; max_width=&#8221;80%&#8221; custom_padding=&#8221;0px||3px||false|false&#8221; global_colors_info=&#8221;{}&#8221;][et_pb_column type=&#8221;4_4&#8243; _builder_version=&#8221;4.24.2&#8243; _module_preset=&#8221;default&#8221; global_colors_info=&#8221;{}&#8221;][et_pb_image src=&#8221;https:\/\/gwrnano.hu\/wp-content\/uploads\/2024\/03\/felhasznalasi-teruletek-2048&#215;537-1.jpg&#8221; title_text=&#8221;felhasznalasi-teruletek-2048&#215;537&#8243; _builder_version=&#8221;4.24.2&#8243; _module_preset=&#8221;default&#8221; global_colors_info=&#8221;{}&#8221;][\/et_pb_image][et_pb_text _builder_version=&#8221;4.24.2&#8243; _module_preset=&#8221;default&#8221; header_font=&#8221;Montserrat|700|||||||&#8221; header_text_color=&#8221;#149eda&#8221; header_font_size=&#8221;35px&#8221; background_color=&#8221;#e7e7e6&#8243; custom_margin=&#8221;-39px||||false|false&#8221; custom_padding=&#8221;32px||15px|35px|false|false&#8221; hover_enabled=&#8221;0&#8243; global_colors_info=&#8221;{}&#8221; sticky_enabled=&#8221;0&#8243;]<\/p>\n<h1>ALKALMAZ\u00c1SI TER\u00dcLETEK<\/h1>\n<p>[\/et_pb_text][et_pb_text _builder_version=&#8221;4.24.2&#8243; _module_preset=&#8221;default&#8221; text_font=&#8221;Montserrat|700|||||||&#8221; text_text_color=&#8221;#0b244a&#8221; text_font_size=&#8221;17px&#8221; text_line_height=&#8221;1.5em&#8221; background_color=&#8221;#e7e7e6&#8243; custom_margin=&#8221;-50px||||false|false&#8221; custom_padding=&#8221;23px|28px|33px|35px|false|false&#8221; hover_enabled=&#8221;0&#8243; global_colors_info=&#8221;{}&#8221; sticky_enabled=&#8221;0&#8243;]<\/p>\n<p>A GWR Nano k\u00f6nnyebb telep\u00edteni m\u00e9g az els\u0151 alkalommal haszn\u00e1l\u00f3k sz\u00e1m\u00e1ra is, mint a hagyom\u00e1nyos szigetel\u0151anyagokat. Ennek oka, hogy a GWR Nano telep\u00edt\u00e9se olyan, mintha s\u0171r\u0171 latexfest\u00e9ket alkalmazn\u00e1nk. Minim\u00e1lis el\u0151k\u00e9sz\u00fcleti munka sz\u00fcks\u00e9ges.<\/p>\n<p>[\/et_pb_text][\/et_pb_column][\/et_pb_row][\/et_pb_section][et_pb_section fb_built=&#8221;1&#8243; _builder_version=&#8221;4.24.2&#8243; _module_preset=&#8221;default&#8221; background_color=&#8221;#e7e7e6&#8243; custom_padding=&#8221;5px||2px|||&#8221; global_colors_info=&#8221;{}&#8221;][et_pb_row _builder_version=&#8221;4.24.2&#8243; _module_preset=&#8221;default&#8221; global_colors_info=&#8221;{}&#8221;][et_pb_column type=&#8221;4_4&#8243; _builder_version=&#8221;4.24.2&#8243; _module_preset=&#8221;default&#8221; global_colors_info=&#8221;{}&#8221;][et_pb_text _builder_version=&#8221;4.24.2&#8243; _module_preset=&#8221;default&#8221; text_font_size=&#8221;13px&#8221; header_font=&#8221;Montserrat|700|||||||&#8221; header_text_color=&#8221;#149eda&#8221; background_color=&#8221;#e7e7e6&#8243; custom_margin=&#8221;||10px|||&#8221; hover_enabled=&#8221;0&#8243; global_colors_info=&#8221;{}&#8221; sticky_enabled=&#8221;0&#8243;]<\/p>\n<h1>ALKALMAZ\u00c1SI TER\u00dcLETEK<\/h1>\n<p>[\/et_pb_text][et_pb_text _builder_version=&#8221;4.24.2&#8243; _module_preset=&#8221;default&#8221; text_font_size=&#8221;13px&#8221; header_font=&#8221;Montserrat|700|||||||&#8221; header_text_color=&#8221;#149eda&#8221; background_color=&#8221;#e7e7e6&#8243; min_height=&#8221;50px&#8221; custom_margin=&#8221;||10px|||&#8221; hover_enabled=&#8221;0&#8243; global_colors_info=&#8221;{}&#8221; sticky_enabled=&#8221;0&#8243;]<\/p>\n<h1>F\u00c9M \u00c9S EGY\u00c9B SZERKEZETEK<\/h1>\n<p>[\/et_pb_text][et_pb_divider color=&#8221;#149fda&#8221; divider_weight=&#8221;7px&#8221; _builder_version=&#8221;4.24.2&#8243; _module_preset=&#8221;default&#8221; width=&#8221;25%&#8221; custom_margin=&#8221;-18px||0px||false|false&#8221; global_colors_info=&#8221;{}&#8221;][\/et_pb_divider][et_pb_text _builder_version=&#8221;4.24.2&#8243; _module_preset=&#8221;default&#8221; text_font=&#8221;Montserrat||||||||&#8221; text_text_color=&#8221;#0b2349&#8243; text_font_size=&#8221;18px&#8221; text_line_height=&#8221;1.4em&#8221; hover_enabled=&#8221;0&#8243; global_colors_info=&#8221;{}&#8221; sticky_enabled=&#8221;0&#8243;]<\/p>\n<ul>\n<li>F\u00e9m szerkezetek<\/li>\n<li>V\u00edzvezet\u00e9k tart\u00f3szerkezete<\/li>\n<li>H\u00edd t\u00e1maszt\u00f3 gerend\u00e1k (cs\u00f6kkenti a fagy\u00e1s kock\u00e1zat\u00e1t)<\/li>\n<li>J\u00e1rm\u0171vek bels\u0151 szerkezeti elemei, motorh\u00e1ztet\u0151k, tet\u0151szerkezetek<\/li>\n<\/ul>\n<p>[\/et_pb_text][\/et_pb_column][\/et_pb_row][\/et_pb_section][et_pb_section fb_built=&#8221;1&#8243; _builder_version=&#8221;4.24.2&#8243; _module_preset=&#8221;default&#8221; custom_padding=&#8221;0px||16px|||&#8221; global_colors_info=&#8221;{}&#8221;][et_pb_row _builder_version=&#8221;4.24.2&#8243; _module_preset=&#8221;default&#8221; custom_padding=&#8221;||4px|||&#8221; global_colors_info=&#8221;{}&#8221;][et_pb_column type=&#8221;4_4&#8243; _builder_version=&#8221;4.24.2&#8243; _module_preset=&#8221;default&#8221; global_colors_info=&#8221;{}&#8221;][et_pb_text _builder_version=&#8221;4.24.2&#8243; _module_preset=&#8221;default&#8221; text_font_size=&#8221;13px&#8221; header_font=&#8221;Montserrat|700|||||||&#8221; header_text_color=&#8221;#149eda&#8221; background_color=&#8221;#FFFFFF&#8221; custom_margin=&#8221;||10px|||&#8221; hover_enabled=&#8221;0&#8243; global_colors_info=&#8221;{}&#8221; sticky_enabled=&#8221;0&#8243;]<\/p>\n<h1>RENDSZEREK, BERENDEZ\u00c9SEK<\/h1>\n<p>[\/et_pb_text][et_pb_divider color=&#8221;#149fda&#8221; divider_weight=&#8221;7px&#8221; _builder_version=&#8221;4.24.2&#8243; _module_preset=&#8221;default&#8221; width=&#8221;25%&#8221; custom_margin=&#8221;-18px||0px||false|false&#8221; global_colors_info=&#8221;{}&#8221;][\/et_pb_divider][et_pb_text _builder_version=&#8221;4.24.2&#8243; _module_preset=&#8221;default&#8221; text_font=&#8221;Montserrat||||||||&#8221; text_text_color=&#8221;#0b2349&#8243; text_font_size=&#8221;18px&#8221; text_line_height=&#8221;1.4em&#8221; hover_enabled=&#8221;0&#8243; global_colors_info=&#8221;{}&#8221; sticky_enabled=&#8221;0&#8243;]<\/p>\n<ul>\n<li>L\u00e9gkondicion\u00e1l\u00f3 rendszerek<\/li>\n<li>Katonai \u00e9s egy\u00e9b speci\u00e1lis c\u00e9l\u00fa berendez\u00e9sek alv\u00e1zai<\/li>\n<li>\u00dat- \u00e9s vas\u00fati tart\u00e1lyok k\u00fcl\u00f6nf\u00e9le folyad\u00e9kok sz\u00e1ll\u00edt\u00e1s\u00e1ra, haj\u00f3k tart\u00e1lyok, fed\u00e9lzetek \u00e9s egy\u00e9b szerkezeti elemei<\/li>\n<\/ul>\n<p>[\/et_pb_text][et_pb_text _builder_version=&#8221;4.24.2&#8243; _module_preset=&#8221;default&#8221; header_font=&#8221;Montserrat|700|||||||&#8221; header_text_color=&#8221;#149eda&#8221; header_font_size=&#8221;35px&#8221; background_color=&#8221;#FFFFFF&#8221; hover_enabled=&#8221;0&#8243; global_colors_info=&#8221;{}&#8221; sticky_enabled=&#8221;0&#8243;]<\/p>\n<h1>TART\u00c1LYOK, CS\u00d6VEK<\/h1>\n<p>[\/et_pb_text][et_pb_divider color=&#8221;#149fda&#8221; divider_weight=&#8221;7px&#8221; _builder_version=&#8221;4.24.2&#8243; _module_preset=&#8221;default&#8221; width=&#8221;25%&#8221; custom_margin=&#8221;-18px||0px||false|false&#8221; global_colors_info=&#8221;{}&#8221;][\/et_pb_divider][et_pb_text _builder_version=&#8221;4.24.2&#8243; _module_preset=&#8221;default&#8221; text_font=&#8221;Montserrat||||||||&#8221; text_text_color=&#8221;#0b2349&#8243; text_font_size=&#8221;18px&#8221; text_line_height=&#8221;1.8em&#8221; hover_enabled=&#8221;0&#8243; global_colors_info=&#8221;{}&#8221; sticky_enabled=&#8221;0&#8243;]<\/p>\n<ul>\n<li>G\u0151z- \u00e9s g\u00e1zvezet\u00e9kek<\/li>\n<li>T\u00e1vf\u0171t\u00e9si vezet\u00e9kek<\/li>\n<li>Hideg v\u00edzvezet\u00e9kek, v\u00edztart\u00e1lyok, v\u00edzmeleg\u00edt\u0151k \u00e9s kaz\u00e1nok<\/li>\n<li>Olajvezet\u00e9kek (f\u00f6ld alatti \u00e9s felsz\u00edni)<\/li>\n<li>Forr\u00f3 vegyianyag-kever\u0151 tart\u00e1lyok<\/li>\n<li>V\u00edz- \u00e9s k\u00fcl\u00f6nf\u00e9le vegyianyag-t\u00e1rol\u00f3 tart\u00e1lyok \u00e9s medenc\u00e9k<\/li>\n<li>\u00dat- \u00e9s vas\u00fati tart\u00e1lyok<\/li>\n<\/ul>\n<p>[\/et_pb_text][et_pb_text _builder_version=&#8221;4.24.2&#8243; _module_preset=&#8221;default&#8221; header_font=&#8221;Montserrat|700|||||||&#8221; header_text_color=&#8221;#149eda&#8221; header_font_size=&#8221;35px&#8221; background_color=&#8221;#FFFFFF&#8221; hover_enabled=&#8221;0&#8243; global_colors_info=&#8221;{}&#8221; sticky_enabled=&#8221;0&#8243;]<\/p>\n<h1>LAKOSS\u00c1GI \u00c9S IPARI \u00c9P\u00dcLETEK<\/h1>\n<p>[\/et_pb_text][et_pb_divider color=&#8221;#149fda&#8221; divider_weight=&#8221;7px&#8221; _builder_version=&#8221;4.24.2&#8243; _module_preset=&#8221;default&#8221; width=&#8221;25%&#8221; custom_margin=&#8221;-18px||0px||false|false&#8221; global_colors_info=&#8221;{}&#8221;][\/et_pb_divider][et_pb_text _builder_version=&#8221;4.24.2&#8243; _module_preset=&#8221;default&#8221; text_font=&#8221;Montserrat||||||||&#8221; text_text_color=&#8221;#0b2349&#8243; text_font_size=&#8221;18px&#8221; text_line_height=&#8221;1.4em&#8221; global_colors_info=&#8221;{}&#8221;]<\/p>\n<ul>\n<li>Walls (both exterior and interior), roof structures (both exterior and interior)<\/li>\n<\/ul>\n<p>[\/et_pb_text][et_pb_text _builder_version=&#8221;4.24.2&#8243; _module_preset=&#8221;default&#8221; header_font=&#8221;Montserrat|700|||||||&#8221; header_text_color=&#8221;#149eda&#8221; header_font_size=&#8221;35px&#8221; background_color=&#8221;#FFFFFF&#8221; hover_enabled=&#8221;0&#8243; global_colors_info=&#8221;{}&#8221; sticky_enabled=&#8221;0&#8243; locked=&#8221;off&#8221;]<\/p>\n<h1>HANG\u00c1ROK \u00c9S GAR\u00c1ZSOK<\/h1>\n<p>[\/et_pb_text][et_pb_divider color=&#8221;#149fda&#8221; divider_weight=&#8221;7px&#8221; _builder_version=&#8221;4.24.2&#8243; _module_preset=&#8221;default&#8221; width=&#8221;25%&#8221; custom_margin=&#8221;-18px||0px||false|false&#8221; global_colors_info=&#8221;{}&#8221;][\/et_pb_divider][et_pb_text _builder_version=&#8221;4.24.2&#8243; _module_preset=&#8221;default&#8221; text_font=&#8221;Montserrat||||||||&#8221; text_text_color=&#8221;#0b2349&#8243; text_font_size=&#8221;18px&#8221; text_line_height=&#8221;1.4em&#8221; hover_enabled=&#8221;0&#8243; global_colors_info=&#8221;{}&#8221; sticky_enabled=&#8221;0&#8243;]<\/p>\n<ul>\n<li>Hang\u00e1rok \u00e9s gar\u00e1zsok<\/li>\n<li>Lak\u00f3- \u00e9s sz\u00e1ll\u00edt\u00f3kont\u00e9nerek<\/li>\n<li>Hidegt\u00e1rol\u00f3k<\/li>\n<li>H\u0171t\u0151h\u00e1zak<\/li>\n<li>Alagutak<\/li>\n<\/ul>\n<p>[\/et_pb_text][et_pb_text _builder_version=&#8221;4.24.2&#8243; _module_preset=&#8221;default&#8221; header_font=&#8221;Montserrat|700|||||||&#8221; header_text_color=&#8221;#149eda&#8221; header_font_size=&#8221;35px&#8221; background_color=&#8221;#FFFFFF&#8221; hover_enabled=&#8221;0&#8243; global_colors_info=&#8221;{}&#8221; sticky_enabled=&#8221;0&#8243;]<\/p>\n<h1>\u00c9P\u00cdT\u0150ANYAGOK<\/h1>\n<p>[\/et_pb_text][et_pb_divider color=&#8221;#149fda&#8221; divider_weight=&#8221;7px&#8221; _builder_version=&#8221;4.24.2&#8243; _module_preset=&#8221;default&#8221; width=&#8221;25%&#8221; custom_margin=&#8221;-18px||0px||false|false&#8221; global_colors_info=&#8221;{}&#8221;][\/et_pb_divider][et_pb_text _builder_version=&#8221;4.24.2&#8243; _module_preset=&#8221;default&#8221; text_font=&#8221;Montserrat||||||||&#8221; text_text_color=&#8221;#0b2349&#8243; text_font_size=&#8221;18px&#8221; text_line_height=&#8221;1.4em&#8221; hover_enabled=&#8221;0&#8243; global_colors_info=&#8221;{}&#8221; sticky_enabled=&#8221;0&#8243;]<\/p>\n<ul>\n<li>Az innovat\u00edv GWR Nano szigetel\u0151anyag kompatibilis a legt\u00f6bb \u00e9p\u00edt\u0151anyaggal!<\/li>\n<\/ul>\n<p>[\/et_pb_text][\/et_pb_column][\/et_pb_row][\/et_pb_section][et_pb_section fb_built=&#8221;1&#8243; _builder_version=&#8221;4.24.2&#8243; _module_preset=&#8221;default&#8221; custom_padding=&#8221;0px||16px|||&#8221; global_colors_info=&#8221;{}&#8221;][\/et_pb_section]<\/p>\n","protected":false},"excerpt":{"rendered":"<p>ALKALMAZ\u00c1SI TER\u00dcLETEKA GWR Nano k\u00f6nnyebb telep\u00edteni m\u00e9g az els\u0151 alkalommal haszn\u00e1l\u00f3k sz\u00e1m\u00e1ra is, mint a hagyom\u00e1nyos szigetel\u0151anyagokat. Ennek oka, hogy a GWR Nano telep\u00edt\u00e9se olyan, mintha s\u0171r\u0171 latexfest\u00e9ket alkalmazn\u00e1nk. Minim\u00e1lis el\u0151k\u00e9sz\u00fcleti munka sz\u00fcks\u00e9ges.ALKALMAZ\u00c1SI TER\u00dcLETEKF\u00c9M \u00c9S EGY\u00c9B SZERKEZETEK F\u00e9m szerkezetek V\u00edzvezet\u00e9k tart\u00f3szerkezete H\u00edd t\u00e1maszt\u00f3 gerend\u00e1k (cs\u00f6kkenti a fagy\u00e1s kock\u00e1zat\u00e1t) J\u00e1rm\u0171vek bels\u0151 szerkezeti elemei, motorh\u00e1ztet\u0151k, tet\u0151szerkezetek RENDSZEREK, [&hellip;]<\/p>\n","protected":false},"author":1,"featured_media":0,"parent":0,"menu_order":0,"comment_status":"closed","ping_status":"closed","template":"","meta":{"_et_pb_use_builder":"on","_et_pb_old_content":"<!-- wp:divi\/placeholder \/-->","_et_gb_content_width":"","footnotes":""},"class_list":["post-25","page","type-page","status-publish","hentry"],"_links":{"self":[{"href":"https:\/\/gwrnano.hu\/index.php\/wp-json\/wp\/v2\/pages\/25","targetHints":{"allow":["GET"]}}],"collection":[{"href":"https:\/\/gwrnano.hu\/index.php\/wp-json\/wp\/v2\/pages"}],"about":[{"href":"https:\/\/gwrnano.hu\/index.php\/wp-json\/wp\/v2\/types\/page"}],"author":[{"embeddable":true,"href":"https:\/\/gwrnano.hu\/index.php\/wp-json\/wp\/v2\/users\/1"}],"replies":[{"embeddable":true,"href":"https:\/\/gwrnano.hu\/index.php\/wp-json\/wp\/v2\/comments?post=25"}],"version-history":[{"count":11,"href":"https:\/\/gwrnano.hu\/index.php\/wp-json\/wp\/v2\/pages\/25\/revisions"}],"predecessor-version":[{"id":208,"href":"https:\/\/gwrnano.hu\/index.php\/wp-json\/wp\/v2\/pages\/25\/revisions\/208"}],"wp:attachment":[{"href":"https:\/\/gwrnano.hu\/index.php\/wp-json\/wp\/v2\/media?parent=25"}],"curies":[{"name":"wp","href":"https:\/\/api.w.org\/{rel}","templated":true}]}}